{"id":158,"date":"2009-09-03T21:54:36","date_gmt":"2009-09-03T20:54:36","guid":{"rendered":"http:\/\/flunkmusic.com\/flunkschool\/?page_id=158"},"modified":"2025-04-24T08:17:30","modified_gmt":"2025-04-24T06:17:30","slug":"live","status":"publish","type":"page","link":"https:\/\/flunkmusic.com\/flunkschool\/live\/","title":{"rendered":"Live"},"content":{"rendered":"\n<p class=\"has-white-color has-text-color has-link-color\">We regret to have to tell you that we will have to cancel all shows on our farewell tour. One of our band members are going through an urgent health issue, which demands treatment that is not compatible with touring.<\/p>\n\n\n\n<p><\/p>\n\n\n\n<p class=\"has-white-color has-text-color has-link-color\">All tickets will be refunded. Please contact ticket seller if refund does not appear automatically.<\/p>\n\n\n\n<p><\/p>\n\n\n\n<p class=\"has-white-color has-text-color has-link-color\">CANCELLED: May 8, 2025: Winylowa Cafe, Warsaw<\/p>\n<p class=\"has-white-color has-text-color has-link-color\">CANCELLED: May 8, 2025: Winylowa Cafe, Warsaw<\/p>\n<p class=\"has-white-color has-text-color has-link-color\">CANCELLED: May 9, 2025: Music Cafe Szpulka, Bydgoszcz<\/p>\n<p class=\"has-white-color has-text-color has-link-color\">CANCELLED: May 10, 2025: Kino \u015awite\u017a, Paj\u0119czno<\/p>\n<p class=\"has-white-color has-text-color has-link-color\">CANCELLED: May 28, 2025: Studio Spornes Tyholmen, Arendal<\/p>\n<p class=\"has-white-color has-text-color has-link-color\">CANCELLED: May 29, 2025: Parkteatret, Oslo<\/p>\n<p class=\"has-white-color has-text-color has-link-color\">CANCELLED: May 30, 2025: Bakrommet, Amtmandens, Troms\u00f8<\/p>\n<p class=\"has-white-color has-text-color has-link-color\">CANCELLED: June 02, 2025: 229, London<\/p>\n\n\n\n<p><\/p>\n","protected":false},"excerpt":{"rendered":"<p>We regret to have to tell you that we will have to cancel all shows on our farewell tour. One of our band members are going through an urgent health issue, which demands treatment that is not compatible with touring. All tickets will be refunded. Please contact ticket seller if refund does not appear automatically. [&hellip;]<\/p>\n","protected":false},"author":1,"featured_media":0,"parent":0,"menu_order":0,"comment_status":"open","ping_status":"open","template":"","meta":{"footnotes":""},"class_list":["post-158","page","type-page","status-publish","hentry"],"_links":{"self":[{"href":"https:\/\/flunkmusic.com\/flunkschool\/wp-json\/wp\/v2\/pages\/158","targetHints":{"allow":["GET"]}}],"collection":[{"href":"https:\/\/flunkmusic.com\/flunkschool\/wp-json\/wp\/v2\/pages"}],"about":[{"href":"https:\/\/flunkmusic.com\/flunkschool\/wp-json\/wp\/v2\/types\/page"}],"author":[{"embeddable":true,"href":"https:\/\/flunkmusic.com\/flunkschool\/wp-json\/wp\/v2\/users\/1"}],"replies":[{"embeddable":true,"href":"https:\/\/flunkmusic.com\/flunkschool\/wp-json\/wp\/v2\/comments?post=158"}],"version-history":[{"count":148,"href":"https:\/\/flunkmusic.com\/flunkschool\/wp-json\/wp\/v2\/pages\/158\/revisions"}],"predecessor-version":[{"id":1954,"href":"https:\/\/flunkmusic.com\/flunkschool\/wp-json\/wp\/v2\/pages\/158\/revisions\/1954"}],"wp:attachment":[{"href":"https:\/\/flunkmusic.com\/flunkschool\/wp-json\/wp\/v2\/media?parent=158"}],"curies":[{"name":"wp","href":"https:\/\/api.w.org\/{rel}","templated":true}]}}